{"id":171,"date":"2024-02-05T19:57:20","date_gmt":"2024-02-05T19:57:20","guid":{"rendered":"https:\/\/amtoolsconsulting.com\/?page_id=171"},"modified":"2024-02-05T19:58:41","modified_gmt":"2024-02-05T19:58:41","slug":"servicios","status":"publish","type":"page","link":"https:\/\/amtoolsconsulting.com\/index.php\/servicios\/","title":{"rendered":"Servicios"},"content":{"rendered":"\t\t<div data-elementor-type=\"wp-page\" data-elementor-id=\"171\" class=\"elementor elementor-171\" data-elementor-post-type=\"page\">\n\t\t\t\t<div class=\"elementor-element elementor-element-e379461 e-con-full e-flex e-con e-parent\" data-id=\"e379461\" data-element_type=\"container\" data-settings=\"{&quot;background_background&quot;:&quot;classic&quot;}\">\n\t\t<div class=\"elementor-element elementor-element-0494847 e-con-full e-flex e-con e-child\" data-id=\"0494847\" data-element_type=\"container\" data-settings=\"{&quot;background_background&quot;:&quot;classic&quot;}\">\n\t\t\t\t<div class=\"elementor-element elementor-element-9bf778f elementor-widget elementor-widget-heading\" data-id=\"9bf778f\" data-element_type=\"widget\" data-widget_type=\"heading.default\">\n\t\t\t\t<div class=\"elementor-widget-container\">\n\t\t\t\t\t<h2 class=\"elementor-heading-title elementor-size-default\">Servicios<\/h2>\t\t\t\t<\/div>\n\t\t\t\t<\/div>\n\t\t\t\t<div class=\"elementor-element elementor-element-2991816 elementor-widget elementor-widget-image-box\" data-id=\"2991816\" data-element_type=\"widget\" data-widget_type=\"image-box.default\">\n\t\t\t\t<div class=\"elementor-widget-container\">\n\t\t\t\t\t<div class=\"elementor-image-box-wrapper\"><div class=\"elementor-image-box-content\"><p class=\"elementor-image-box-description\">Apoyamos en el d\u00eda a d\u00eda a las empresas que ofrecen servicios de todo tipo, con herramientas de gesti\u00f3n, administraci\u00f3n y control, haciendo as\u00ed m\u00e1s f\u00e1cil la operatividad de estas compa\u00f1\u00edas, pudiendo estas prestar servicios como BPO, Softwares SaaS, consultor\u00edas, o cualquier otra clase de intangible. Brindamos asesor\u00eda y acompa\u00f1amiento en la implementaci\u00f3n de las soluciones que har\u00e1n m\u00e1s ordenado y controlado el ambiente diario de este tipo de empresas. <\/p><\/div><\/div>\t\t\t\t<\/div>\n\t\t\t\t<\/div>\n\t\t\t\t<\/div>\n\t\t<div class=\"elementor-element elementor-element-e37d80a e-con-full e-flex e-con e-child\" data-id=\"e37d80a\" data-element_type=\"container\" data-settings=\"{&quot;background_slideshow_gallery&quot;:[{&quot;id&quot;:56,&quot;url&quot;:&quot;https:\\\/\\\/amtoolsconsulting.com\\\/wp-content\\\/uploads\\\/2024\\\/01\\\/imagen-03-ingenieros.png&quot;}],&quot;background_background&quot;:&quot;slideshow&quot;,&quot;background_slideshow_loop&quot;:&quot;yes&quot;,&quot;background_slideshow_slide_duration&quot;:5000,&quot;background_slideshow_slide_transition&quot;:&quot;fade&quot;,&quot;background_slideshow_transition_duration&quot;:500}\">\n\t\t\t\t<\/div>\n\t\t\t\t<\/div>\n\t\t\t\t<\/div>\n\t\t","protected":false},"excerpt":{"rendered":"<p>Servicios Apoyamos en el d\u00eda a d\u00eda a las empresas que ofrecen servicios de todo tipo, con herramientas de gesti\u00f3n, administraci\u00f3n y control, haciendo as\u00ed m\u00e1s f\u00e1cil la operatividad de estas compa\u00f1\u00edas, pudiendo estas prestar servicios como BPO, Softwares SaaS, consultor\u00edas, o cualquier otra clase de intangible. Brindamos asesor\u00eda y acompa\u00f1amiento en la implementaci\u00f3n de [&hellip;]<\/p>\n","protected":false},"author":1,"featured_media":0,"parent":0,"menu_order":0,"comment_status":"closed","ping_status":"closed","template":"","meta":{"_joinchat":[],"footnotes":""},"class_list":["post-171","page","type-page","status-publish","hentry"],"_links":{"self":[{"href":"https:\/\/amtoolsconsulting.com\/index.php\/wp-json\/wp\/v2\/pages\/171","targetHints":{"allow":["GET"]}}],"collection":[{"href":"https:\/\/amtoolsconsulting.com\/index.php\/wp-json\/wp\/v2\/pages"}],"about":[{"href":"https:\/\/amtoolsconsulting.com\/index.php\/wp-json\/wp\/v2\/types\/page"}],"author":[{"embeddable":true,"href":"https:\/\/amtoolsconsulting.com\/index.php\/wp-json\/wp\/v2\/users\/1"}],"replies":[{"embeddable":true,"href":"https:\/\/amtoolsconsulting.com\/index.php\/wp-json\/wp\/v2\/comments?post=171"}],"version-history":[{"count":0,"href":"https:\/\/amtoolsconsulting.com\/index.php\/wp-json\/wp\/v2\/pages\/171\/revisions"}],"wp:attachment":[{"href":"https:\/\/amtoolsconsulting.com\/index.php\/wp-json\/wp\/v2\/media?parent=171"}],"curies":[{"name":"wp","href":"https:\/\/api.w.org\/{rel}","templated":true}]}}