{"id":166,"date":"2024-02-05T19:54:39","date_gmt":"2024-02-05T19:54:39","guid":{"rendered":"https:\/\/amtoolsconsulting.com\/?page_id=166"},"modified":"2024-02-05T19:56:01","modified_gmt":"2024-02-05T19:56:01","slug":"salud","status":"publish","type":"page","link":"https:\/\/amtoolsconsulting.com\/index.php\/salud\/","title":{"rendered":"Salud"},"content":{"rendered":"\t\t<div data-elementor-type=\"wp-page\" data-elementor-id=\"166\" class=\"elementor elementor-166\" data-elementor-post-type=\"page\">\n\t\t\t\t<div class=\"elementor-element elementor-element-69be91a e-con-full e-flex e-con e-parent\" data-id=\"69be91a\" data-element_type=\"container\" data-settings=\"{&quot;background_background&quot;:&quot;classic&quot;}\">\n\t\t<div class=\"elementor-element elementor-element-981a791 e-con-full e-flex e-con e-child\" data-id=\"981a791\" data-element_type=\"container\" data-settings=\"{&quot;background_background&quot;:&quot;classic&quot;}\">\n\t\t\t\t<div class=\"elementor-element elementor-element-71586d0 elementor-widget elementor-widget-heading\" data-id=\"71586d0\" data-element_type=\"widget\" data-widget_type=\"heading.default\">\n\t\t\t\t<div class=\"elementor-widget-container\">\n\t\t\t\t\t<h2 class=\"elementor-heading-title elementor-size-default\">Salud<\/h2>\t\t\t\t<\/div>\n\t\t\t\t<\/div>\n\t\t\t\t<div class=\"elementor-element elementor-element-3548d9b elementor-widget elementor-widget-image-box\" data-id=\"3548d9b\" data-element_type=\"widget\" data-widget_type=\"image-box.default\">\n\t\t\t\t<div class=\"elementor-widget-container\">\n\t\t\t\t\t<div class=\"elementor-image-box-wrapper\"><div class=\"elementor-image-box-content\"><p class=\"elementor-image-box-description\">Atendemos este sector con soluciones de gesti\u00f3n completas, desde las administrativas, financieras, operativas y contables, hasta las tareas del d\u00eda a d\u00eda del medio salud hospitalario. Contamos con herramientas que crean un entorno centrado en el paciente, cerrando la brecha entre la atenci\u00f3n y los diferentes proveedores de atenci\u00f3n m\u00e9dica, permitiendo as\u00ed un ecosistema interactivo, eficiente y rentable para cl\u00ednicas, IPS y hospitales.<\/p><\/div><\/div>\t\t\t\t<\/div>\n\t\t\t\t<\/div>\n\t\t\t\t<\/div>\n\t\t<div class=\"elementor-element elementor-element-315926e e-con-full e-flex e-con e-child\" data-id=\"315926e\" data-element_type=\"container\" data-settings=\"{&quot;background_slideshow_gallery&quot;:[{&quot;id&quot;:55,&quot;url&quot;:&quot;https:\\\/\\\/amtoolsconsulting.com\\\/wp-content\\\/uploads\\\/2024\\\/01\\\/imagen-02-doctores.png&quot;}],&quot;background_background&quot;:&quot;slideshow&quot;,&quot;background_slideshow_loop&quot;:&quot;yes&quot;,&quot;background_slideshow_slide_duration&quot;:5000,&quot;background_slideshow_slide_transition&quot;:&quot;fade&quot;,&quot;background_slideshow_transition_duration&quot;:500}\">\n\t\t\t\t<\/div>\n\t\t\t\t<\/div>\n\t\t\t\t<\/div>\n\t\t","protected":false},"excerpt":{"rendered":"<p>Salud Atendemos este sector con soluciones de gesti\u00f3n completas, desde las administrativas, financieras, operativas y contables, hasta las tareas del d\u00eda a d\u00eda del medio salud hospitalario. Contamos con herramientas que crean un entorno centrado en el paciente, cerrando la brecha entre la atenci\u00f3n y los diferentes proveedores de atenci\u00f3n m\u00e9dica, permitiendo as\u00ed un ecosistema [&hellip;]<\/p>\n","protected":false},"author":1,"featured_media":0,"parent":0,"menu_order":0,"comment_status":"closed","ping_status":"closed","template":"","meta":{"_joinchat":[],"footnotes":""},"class_list":["post-166","page","type-page","status-publish","hentry"],"_links":{"self":[{"href":"https:\/\/amtoolsconsulting.com\/index.php\/wp-json\/wp\/v2\/pages\/166","targetHints":{"allow":["GET"]}}],"collection":[{"href":"https:\/\/amtoolsconsulting.com\/index.php\/wp-json\/wp\/v2\/pages"}],"about":[{"href":"https:\/\/amtoolsconsulting.com\/index.php\/wp-json\/wp\/v2\/types\/page"}],"author":[{"embeddable":true,"href":"https:\/\/amtoolsconsulting.com\/index.php\/wp-json\/wp\/v2\/users\/1"}],"replies":[{"embeddable":true,"href":"https:\/\/amtoolsconsulting.com\/index.php\/wp-json\/wp\/v2\/comments?post=166"}],"version-history":[{"count":0,"href":"https:\/\/amtoolsconsulting.com\/index.php\/wp-json\/wp\/v2\/pages\/166\/revisions"}],"wp:attachment":[{"href":"https:\/\/amtoolsconsulting.com\/index.php\/wp-json\/wp\/v2\/media?parent=166"}],"curies":[{"name":"wp","href":"https:\/\/api.w.org\/{rel}","templated":true}]}}