{"id":135,"date":"2024-02-01T21:44:25","date_gmt":"2024-02-01T21:44:25","guid":{"rendered":"https:\/\/amtoolsconsulting.com\/?page_id=135"},"modified":"2024-02-01T21:53:25","modified_gmt":"2024-02-01T21:53:25","slug":"implementacion-sistemas-de-gestion-2","status":"publish","type":"page","link":"https:\/\/amtoolsconsulting.com\/index.php\/implementacion-sistemas-de-gestion-2\/","title":{"rendered":"Soporte"},"content":{"rendered":"\t\t<div data-elementor-type=\"wp-page\" data-elementor-id=\"135\" class=\"elementor elementor-135\" data-elementor-post-type=\"page\">\n\t\t\t\t<div class=\"elementor-element elementor-element-f8cfd18 e-flex e-con-boxed e-con e-parent\" data-id=\"f8cfd18\" data-element_type=\"container\" data-settings=\"{&quot;background_background&quot;:&quot;classic&quot;}\">\n\t\t\t\t\t<div class=\"e-con-inner\">\n\t\t<div class=\"elementor-element elementor-element-3556ad6 e-con-full e-flex e-con e-child\" data-id=\"3556ad6\" data-element_type=\"container\" data-settings=\"{&quot;background_background&quot;:&quot;classic&quot;}\">\n\t\t\t\t<div class=\"elementor-element elementor-element-7d1fd76 elementor-widget elementor-widget-heading\" data-id=\"7d1fd76\" data-element_type=\"widget\" data-widget_type=\"heading.default\">\n\t\t\t\t<div class=\"elementor-widget-container\">\n\t\t\t\t\t<h2 class=\"elementor-heading-title elementor-size-default\">Implementaci\u00f3n Sistemas de Gesti\u00f3n<\/h2>\t\t\t\t<\/div>\n\t\t\t\t<\/div>\n\t\t\t\t<div class=\"elementor-element elementor-element-932d6fb elementor-widget elementor-widget-image-box\" data-id=\"932d6fb\" data-element_type=\"widget\" data-widget_type=\"image-box.default\">\n\t\t\t\t<div class=\"elementor-widget-container\">\n\t\t\t\t\t<div class=\"elementor-image-box-wrapper\"><div class=\"elementor-image-box-content\"><p class=\"elementor-image-box-description\">TOTVS  es una multinacional l\u00edder en soluciones de Gesti\u00f3n (ERP, CRM, BI, Producci\u00f3n, Agro, Log\u00edstica, RRHH, salud) para las empresas de todo rubro, con foco importante en la industria manufactura y productiva. M\u00e1s de 40 a\u00f1os en el mercado, hacen que TOTVS sea una de las empresas l\u00edderes en Am\u00e9rica Latina y a nivel mundial, siendo la #1 en Market Share en la regi\u00f3n Latam y la #6 a nivel global, contando con m\u00e1s de 30 mil clientes activos en 43 pa\u00edses.<\/p><\/div><\/div>\t\t\t\t<\/div>\n\t\t\t\t<\/div>\n\t\t\t\t<div class=\"elementor-element elementor-element-d7386ca elementor-widget elementor-widget-heading\" data-id=\"d7386ca\" data-element_type=\"widget\" data-widget_type=\"heading.default\">\n\t\t\t\t<div class=\"elementor-widget-container\">\n\t\t\t\t\t<h2 class=\"elementor-heading-title elementor-size-default\">Soporte Asistido AMS<\/h2>\t\t\t\t<\/div>\n\t\t\t\t<\/div>\n\t\t\t\t<div class=\"elementor-element elementor-element-43c4a1d elementor-widget elementor-widget-image-box\" data-id=\"43c4a1d\" data-element_type=\"widget\" data-widget_type=\"image-box.default\">\n\t\t\t\t<div class=\"elementor-widget-container\">\n\t\t\t\t\t<div class=\"elementor-image-box-wrapper\"><div class=\"elementor-image-box-content\"><p class=\"elementor-image-box-description\">En AM Tools Prestamos el servicio de soporte y acompa\u00f1amiento dedicado  AMS como un adicional  durante y post proyecto para asegurar el \u00e9xito del mismo en el transcurso de todas las etapas, brindando este servicio por contratos desde un a\u00f1o,  de manera presencial y remota, atendiendo soporte a errores funcionales y operativos, capacitaci\u00f3n a personal nuevo, reinducci\u00f3n, desarrollos y personalizaciones fuera del alcance inicial de proyecto, implementaci\u00f3n de correcciones y sugerencias de mejoras tanto en operaci\u00f3n como en performance de los m\u00f3dulos contratados en el proyecto; todo ejecutado por personal experto y con conocimiento en el segmento y el proyecto.<\/p><\/div><\/div>\t\t\t\t<\/div>\n\t\t\t\t<\/div>\n\t\t\t\t<\/div>\n\t\t<div class=\"elementor-element elementor-element-ca9ba44 e-con-full e-flex e-con e-child\" data-id=\"ca9ba44\" data-element_type=\"container\" data-settings=\"{&quot;background_background&quot;:&quot;slideshow&quot;,&quot;background_slideshow_gallery&quot;:[],&quot;background_slideshow_loop&quot;:&quot;yes&quot;,&quot;background_slideshow_slide_duration&quot;:5000,&quot;background_slideshow_slide_transition&quot;:&quot;fade&quot;,&quot;background_slideshow_transition_duration&quot;:500}\">\n\t\t\t\t<div class=\"elementor-element elementor-element-f547793 elementor-widget elementor-widget-image\" data-id=\"f547793\" data-element_type=\"widget\" data-widget_type=\"image.default\">\n\t\t\t\t<div class=\"elementor-widget-container\">\n\t\t\t\t\t\t\t\t\t\t\t\t\t\t\t<img fetchpriority=\"high\" decoding=\"async\" width=\"800\" height=\"235\" src=\"https:\/\/amtoolsconsulting.com\/wp-content\/uploads\/2024\/01\/Logo-TOTVS-1024x301.png\" class=\"attachment-large size-large wp-image-61\" alt=\"\" srcset=\"https:\/\/amtoolsconsulting.com\/wp-content\/uploads\/2024\/01\/Logo-TOTVS-1024x301.png.webp 1024w, https:\/\/amtoolsconsulting.com\/wp-content\/uploads\/2024\/01\/Logo-TOTVS-300x88.png.webp 300w, https:\/\/amtoolsconsulting.com\/wp-content\/uploads\/2024\/01\/Logo-TOTVS-768x226.png.webp 768w, https:\/\/amtoolsconsulting.com\/wp-content\/uploads\/2024\/01\/Logo-TOTVS.png.webp 1177w\" sizes=\"(max-width: 800px) 100vw, 800px\" \/>\t\t\t\t\t\t\t\t\t\t\t\t\t\t\t<\/div>\n\t\t\t\t<\/div>\n\t\t\t\t<\/div>\n\t\t\t\t\t<\/div>\n\t\t\t\t<\/div>\n\t\t\t\t<\/div>\n\t\t","protected":false},"excerpt":{"rendered":"<p>Implementaci\u00f3n Sistemas de Gesti\u00f3n TOTVS es una multinacional l\u00edder en soluciones de Gesti\u00f3n (ERP, CRM, BI, Producci\u00f3n, Agro, Log\u00edstica, RRHH, salud) para las empresas de todo rubro, con foco importante en la industria manufactura y productiva. M\u00e1s de 40 a\u00f1os en el mercado, hacen que TOTVS sea una de las empresas l\u00edderes en Am\u00e9rica Latina [&hellip;]<\/p>\n","protected":false},"author":1,"featured_media":0,"parent":0,"menu_order":0,"comment_status":"closed","ping_status":"closed","template":"","meta":{"_joinchat":[],"footnotes":""},"class_list":["post-135","page","type-page","status-publish","hentry"],"_links":{"self":[{"href":"https:\/\/amtoolsconsulting.com\/index.php\/wp-json\/wp\/v2\/pages\/135","targetHints":{"allow":["GET"]}}],"collection":[{"href":"https:\/\/amtoolsconsulting.com\/index.php\/wp-json\/wp\/v2\/pages"}],"about":[{"href":"https:\/\/amtoolsconsulting.com\/index.php\/wp-json\/wp\/v2\/types\/page"}],"author":[{"embeddable":true,"href":"https:\/\/amtoolsconsulting.com\/index.php\/wp-json\/wp\/v2\/users\/1"}],"replies":[{"embeddable":true,"href":"https:\/\/amtoolsconsulting.com\/index.php\/wp-json\/wp\/v2\/comments?post=135"}],"version-history":[{"count":0,"href":"https:\/\/amtoolsconsulting.com\/index.php\/wp-json\/wp\/v2\/pages\/135\/revisions"}],"wp:attachment":[{"href":"https:\/\/amtoolsconsulting.com\/index.php\/wp-json\/wp\/v2\/media?parent=135"}],"curies":[{"name":"wp","href":"https:\/\/api.w.org\/{rel}","templated":true}]}}