{"id":127,"date":"2024-02-01T21:13:03","date_gmt":"2024-02-01T21:13:03","guid":{"rendered":"https:\/\/amtoolsconsulting.com\/?page_id=127"},"modified":"2024-02-01T21:21:09","modified_gmt":"2024-02-01T21:21:09","slug":"implementacion-sistemas-de-gestion","status":"publish","type":"page","link":"https:\/\/amtoolsconsulting.com\/index.php\/implementacion-sistemas-de-gestion\/","title":{"rendered":"Implementaci\u00f3n Sistemas de Gesti\u00f3n"},"content":{"rendered":"\t\t<div data-elementor-type=\"wp-page\" data-elementor-id=\"127\" class=\"elementor elementor-127\" data-elementor-post-type=\"page\">\n\t\t\t\t<div class=\"elementor-element elementor-element-4d942af e-flex e-con-boxed e-con e-parent\" data-id=\"4d942af\" data-element_type=\"container\" data-e-type=\"container\" data-settings=\"{&quot;background_background&quot;:&quot;classic&quot;}\">\n\t\t\t\t\t<div class=\"e-con-inner\">\n\t\t<div class=\"elementor-element elementor-element-d67a597 e-con-full e-flex e-con e-child\" data-id=\"d67a597\" data-element_type=\"container\" data-e-type=\"container\" data-settings=\"{&quot;background_background&quot;:&quot;classic&quot;}\">\n\t\t\t\t<div class=\"elementor-element elementor-element-c234c4b elementor-widget elementor-widget-heading\" data-id=\"c234c4b\" data-element_type=\"widget\" data-e-type=\"widget\" data-widget_type=\"heading.default\">\n\t\t\t\t<div class=\"elementor-widget-container\">\n\t\t\t\t\t<h2 class=\"elementor-heading-title elementor-size-default\">Implementaci\u00f3n Sistemas de Gesti\u00f3n<\/h2>\t\t\t\t<\/div>\n\t\t\t\t<\/div>\n\t\t\t\t<div class=\"elementor-element elementor-element-2924467 elementor-widget elementor-widget-image-box\" data-id=\"2924467\" data-element_type=\"widget\" data-e-type=\"widget\" data-widget_type=\"image-box.default\">\n\t\t\t\t<div class=\"elementor-widget-container\">\n\t\t\t\t\t<div class=\"elementor-image-box-wrapper\"><div class=\"elementor-image-box-content\"><p class=\"elementor-image-box-description\">En AM Tools creemos en el potencial de las empresas latinoamericanas, y estamos convencidos que un mercado como el nuestro debe ser atendido por soluciones de la regi\u00f3n, que comprendan la localizaci\u00f3n de cada pa\u00eds latino y est\u00e9n adecuadas para responder eficientemente a las complejidades de nuestra tropicalizaci\u00f3n operativa, es por esto que confiamos y representamos orgullosamente soluciones latinoamericanas como TOTVS, empresa #1 de Latinoam\u00e9rica en tecnolog\u00eda de Sistemas de Gesti\u00f3n y Business Performance que tiene como objetivo atender las necesidades  de empresas  de  todo porte y n\u00facleo operativo y productivo. Contamos con un equipo  local , que entiende y habla el mismo lenguaje contable, fiscal y locativo de cada pa\u00eds, siendo m\u00e1s eficiente y  confiable el proceso de implementaci\u00f3n.<\/p><\/div><\/div>\t\t\t\t<\/div>\n\t\t\t\t<\/div>\n\t\t\t\t<\/div>\n\t\t<div class=\"elementor-element elementor-element-e8dd860 e-con-full e-flex e-con e-child\" data-id=\"e8dd860\" data-element_type=\"container\" data-e-type=\"container\" data-settings=\"{&quot;background_slideshow_gallery&quot;:[{&quot;id&quot;:62,&quot;url&quot;:&quot;https:\\\/\\\/amtoolsconsulting.com\\\/wp-content\\\/uploads\\\/2024\\\/01\\\/piezas-AM-Tools-2.png&quot;}],&quot;background_background&quot;:&quot;slideshow&quot;,&quot;background_slideshow_loop&quot;:&quot;yes&quot;,&quot;background_slideshow_slide_duration&quot;:5000,&quot;background_slideshow_slide_transition&quot;:&quot;fade&quot;,&quot;background_slideshow_transition_duration&quot;:500}\">\n\t\t\t\t<\/div>\n\t\t\t\t\t<\/div>\n\t\t\t\t<\/div>\n\t\t\t\t<\/div>\n\t\t","protected":false},"excerpt":{"rendered":"<p>Implementaci\u00f3n Sistemas de Gesti\u00f3n En AM Tools creemos en el potencial de las empresas latinoamericanas, y estamos convencidos que un mercado como el nuestro debe ser atendido por soluciones de la regi\u00f3n, que comprendan la localizaci\u00f3n de cada pa\u00eds latino y est\u00e9n adecuadas para responder eficientemente a las complejidades de nuestra tropicalizaci\u00f3n operativa, es por [&hellip;]<\/p>\n","protected":false},"author":1,"featured_media":0,"parent":0,"menu_order":0,"comment_status":"closed","ping_status":"closed","template":"","meta":{"_joinchat":[],"footnotes":""},"class_list":["post-127","page","type-page","status-publish","hentry"],"_links":{"self":[{"href":"https:\/\/amtoolsconsulting.com\/index.php\/wp-json\/wp\/v2\/pages\/127","targetHints":{"allow":["GET"]}}],"collection":[{"href":"https:\/\/amtoolsconsulting.com\/index.php\/wp-json\/wp\/v2\/pages"}],"about":[{"href":"https:\/\/amtoolsconsulting.com\/index.php\/wp-json\/wp\/v2\/types\/page"}],"author":[{"embeddable":true,"href":"https:\/\/amtoolsconsulting.com\/index.php\/wp-json\/wp\/v2\/users\/1"}],"replies":[{"embeddable":true,"href":"https:\/\/amtoolsconsulting.com\/index.php\/wp-json\/wp\/v2\/comments?post=127"}],"version-history":[{"count":0,"href":"https:\/\/amtoolsconsulting.com\/index.php\/wp-json\/wp\/v2\/pages\/127\/revisions"}],"wp:attachment":[{"href":"https:\/\/amtoolsconsulting.com\/index.php\/wp-json\/wp\/v2\/media?parent=127"}],"curies":[{"name":"wp","href":"https:\/\/api.w.org\/{rel}","templated":true}]}}